{"id":2446,"date":"2019-11-05T17:23:27","date_gmt":"2019-11-05T16:23:27","guid":{"rendered":"https:\/\/musthavefashion.sk\/?page_id=2446"},"modified":"2019-11-05T17:25:04","modified_gmt":"2019-11-05T16:25:04","slug":"reklamacny-poriadok","status":"publish","type":"page","link":"https:\/\/musthavefashion.sk\/index.php\/reklamacny-poriadok\/","title":{"rendered":"Reklama\u010dn\u00fd poriadok"},"content":{"rendered":"\t\t<div data-elementor-type=\"wp-page\" data-elementor-id=\"2446\" class=\"elementor elementor-2446\">\n\t\t\t\t\t\t<div class=\"elementor-inner\">\n\t\t\t\t<div class=\"elementor-section-wrap\">\n\t\t\t\t\t\t\t\t\t<section class=\"elementor-section elementor-top-section elementor-element elementor-element-2e7a9865 elementor-section-boxed elementor-section-height-default elementor-section-height-default\" data-id=\"2e7a9865\" data-element_type=\"section\">\n\t\t\t\t\t\t<div class=\"elementor-container elementor-column-gap-default\">\n\t\t\t\t\t\t\t<div class=\"elementor-row\">\n\t\t\t\t\t<div class=\"elementor-column elementor-col-100 elementor-top-column elementor-element elementor-element-1e823369\" data-id=\"1e823369\" data-element_type=\"column\">\n\t\t\t<div class=\"elementor-column-wrap elementor-element-populated\">\n\t\t\t\t\t\t\t<div class=\"elementor-widget-wrap\">\n\t\t\t\t\t\t<div class=\"elementor-element elementor-element-54be62b1 elementor-widget elementor-widget-text-editor\" data-id=\"54be62b1\" data-element_type=\"widget\" data-widget_type=\"text-editor.default\">\n\t\t\t\t<div class=\"elementor-widget-container\">\n\t\t\t\t\t\t\t\t<div class=\"elementor-text-editor elementor-clearfix\">\n\t\t\t\t<p><!-- wp:paragraph --><\/p>\n<p>Reklam\u00e1cia tovaru<br \/>Pred prevzat\u00edm a\u00a0zaplaten\u00edm z\u00e1sielky z\u00a0po\u0161ty alebo od kuri\u00e9ra, si e\u0161te na mieste skontrolujte \u010di z\u00e1sielka nie je po\u0161koden\u00e1. V\u00a0pr\u00edpade rozsiahleho po\u0161kodenia(roztrhnut\u00fd obal, deform\u00e1cie a\u00a0in\u00e9 rozsiahle po\u0161kodenie) odpor\u00fa\u010dame z\u00e1sielku neprebra\u0165, m\u00f4\u017ee sa toti\u017e sta\u0165, \u017ee pracovn\u00edci po\u0161ty po\u0161kodia z\u00e1sielku nevhodnou manipul\u00e1ciou. Na u\u017e prijat\u00e9 z\u00e1sielky reklam\u00e1cie neprij\u00edmame. V\u00a0pr\u00edpade, \u017ee v\u00e1m pri\u0161la z\u00e1sielka po\u0161koden\u00e1 a\u00a0neprevzali ste ju, pros\u00edme, aby ste n\u00e1s o\u00a0tom informovali e-mailom. V\u00a0tomto pr\u00edpade V\u00e1m po\u0161leme nov\u00fa z\u00e1sielku.<br \/>Reklam\u00e1cia sa vz\u0165ahuje len na :<br \/>preuk\u00e1zate\u013en\u00e9 v\u00fdrobn\u00e9 chyby , ktor\u00e9 boli zisten\u00e9 hne\u010f po dod\u00e1vke tovaru, alebo po\u010das jeho pou\u017e\u00edvania<br \/>Reklam\u00e1cia sa nevz\u0165ahuje na :<br \/>chyby sp\u00f4soben\u00e9 u\u017e\u00edvate\u013eom po\u010das be\u017en\u00e9ho po\u017e\u00edvania tovaru<\/p>\n<p><!-- \/wp:paragraph --><\/p>\n<p><!-- wp:paragraph --><\/p>\n<p>Postup pri reklam\u00e1cii<br \/>Aby mohla by\u0165 Va\u0161a reklam\u00e1cia akceptovan\u00e1 je nutn\u00e9 dodr\u017ea\u0165 nieko\u013eko pravidiel :<br \/>Po prevzat\u00ed tovaru si prezrite tovar a\u00a0doklad o\u00a0predaji. Ak zist\u00edte pri prevzat\u00ed tovaru chyby, je va\u0161ou povinnos\u0165ou ozn\u00e1mi\u0165 n\u00e1m zisten\u00e9 skuto\u010dnosti prostredn\u00edctvom e-mailu, najnesk\u00f4r do 3 dni od prevzatia tovaru. V\u00a0pr\u00edpade ak zist\u00edte v\u00fdrobn\u00e9 chyby, je potrebn\u00e9 najprv tovar na vlastn\u00e9 n\u00e1klady zasla\u0165 na na\u0161u adresu spolu s\u00a0uveden\u00edm d\u00f4vodu reklam\u00e1cie. K\u00a0z\u00e1sielke nezabudnite prilo\u017ei\u0165 k\u00f3piu dokladu o\u00a0predaji, ktor\u00fd sme poslali s\u00a0tovarom a\u00a0k\u00f3piu \u00fastri\u017eku od doru\u010dovate\u013ea. Reklamovan\u00fd tovar v\u00e1m vymen\u00edme za in\u00fd, ktor\u00fd si vyberiete alebo v\u00e1m vr\u00e1time peniaze. Po\u0161tovn\u00e9 a\u00a0in\u00e9 poplatky nevraciame. Po\u0161kodenie tovaru pri preprave m\u00e1 za n\u00e1sledok neuznanie reklam\u00e1cie. Tovar zasielajte bu\u010f formou bal\u00edka alebo doporu\u010den\u00fd list v\u00a0p\u00f4vodnom obale. Pri zaslan\u00ed tovaru dobierkou nebude t\u00e1to z\u00e1sielka prijat\u00e1.<br \/>Doba vybavenia reklam\u00e1cie:<\/p>\n<p><!-- \/wp:paragraph --><\/p>\n<p><!-- wp:paragraph --><\/p>\n<p>Reklam\u00e1cie vybavujeme v\u00a0pracovn\u00fdch d\u0148och prostredn\u00edctvom e-mailu alebo telefonicky. Reklama\u010dn\u00e9 konanie za\u010d\u00edna plyn\u00fa\u0165 d\u0148om prevzatia reklamovan\u00e9ho tovaru pred\u00e1vaj\u00facim a\u00a0kon\u010d\u00ed d\u0148om odoslania vybavenej reklam\u00e1cie kupuj\u00facemu. O\u00a0opr\u00e1vnenosti reklam\u00e1cie rozhodneme najnesk\u00f4r do 3 pracovn\u00fdch dn\u00ed od obdr\u017eania reklamovan\u00e9ho tovaru. O\u00a0v\u00fdsledku V\u00e1s budeme informova\u0165 prostredn\u00edctvom e-mailu, pokia\u013e sa nedohodneme inak. Opr\u00e1vnen\u00e1 reklam\u00e1cia vr\u00e1tane odstr\u00e1nenia chyby bude vybaven\u00e1 na na\u0161e n\u00e1klady bez zbyto\u010dn\u00e9ho odkladu, najnesk\u00f4r do 30 kalend\u00e1rnych dn\u00ed odo d\u0148a za\u010datia reklama\u010dn\u00e9ho konania. V\u00a0pr\u00edpade neopr\u00e1vnenej reklam\u00e1cie bude tovar vr\u00e1ten\u00fd sp\u00e4\u0165 kupuj\u00facemu s\u00a0pr\u00edslu\u0161n\u00fdm stanoviskom.<\/p>\n<p><!-- \/wp:paragraph --><\/p>\t\t\t\t\t<\/div>\n\t\t\t\t\t\t<\/div>\n\t\t\t\t<\/div>\n\t\t\t\t\t\t<\/div>\n\t\t\t\t\t<\/div>\n\t\t<\/div>\n\t\t\t\t\t\t\t\t<\/div>\n\t\t\t\t\t<\/div>\n\t\t<\/section>\n\t\t\t\t\t\t\t\t\t<\/div>\n\t\t\t<\/div>\n\t\t\t\t\t<\/div>\n\t\t","protected":false},"excerpt":{"rendered":"<p>Reklam\u00e1cia tovaruPred prevzat\u00edm a\u00a0zaplaten\u00edm z\u00e1sielky z\u00a0po\u0161ty alebo od kuri\u00e9ra, si e\u0161te na mieste skontrolujte \u010di z\u00e1sielka nie je po\u0161koden\u00e1. V\u00a0pr\u00edpade rozsiahleho po\u0161kodenia(roztrhnut\u00fd obal, deform\u00e1cie a\u00a0in\u00e9 rozsiahle po\u0161kodenie) odpor\u00fa\u010dame z\u00e1sielku neprebra\u0165, m\u00f4\u017ee sa toti\u017e sta\u0165, \u017ee pracovn\u00edci po\u0161ty po\u0161kodia z\u00e1sielku nevhodnou manipul\u00e1ciou. Na u\u017e prijat\u00e9 z\u00e1sielky reklam\u00e1cie neprij\u00edmame. V\u00a0pr\u00edpade, \u017ee v\u00e1m pri\u0161la z\u00e1sielka po\u0161koden\u00e1 a\u00a0neprevzali ste ju, pros\u00edme, aby ste n\u00e1s o\u00a0tom informovali e-mailom. V\u00a0tomto pr\u00edpade V\u00e1m po\u0161leme nov\u00fa z\u00e1sielku.Reklam\u00e1cia sa vz\u0165ahuje len na :preuk\u00e1zate\u013en\u00e9 v\u00fdrobn\u00e9&hellip;<\/p>\n","protected":false},"author":4,"featured_media":0,"parent":0,"menu_order":0,"comment_status":"closed","ping_status":"closed","template":"","meta":[],"_links":{"self":[{"href":"https:\/\/musthavefashion.sk\/index.php\/wp-json\/wp\/v2\/pages\/2446"}],"collection":[{"href":"https:\/\/musthavefashion.sk\/index.php\/wp-json\/wp\/v2\/pages"}],"about":[{"href":"https:\/\/musthavefashion.sk\/index.php\/wp-json\/wp\/v2\/types\/page"}],"author":[{"embeddable":true,"href":"https:\/\/musthavefashion.sk\/index.php\/wp-json\/wp\/v2\/users\/4"}],"replies":[{"embeddable":true,"href":"https:\/\/musthavefashion.sk\/index.php\/wp-json\/wp\/v2\/comments?post=2446"}],"version-history":[{"count":3,"href":"https:\/\/musthavefashion.sk\/index.php\/wp-json\/wp\/v2\/pages\/2446\/revisions"}],"predecessor-version":[{"id":2449,"href":"https:\/\/musthavefashion.sk\/index.php\/wp-json\/wp\/v2\/pages\/2446\/revisions\/2449"}],"wp:attachment":[{"href":"https:\/\/musthavefashion.sk\/index.php\/wp-json\/wp\/v2\/media?parent=2446"}],"curies":[{"name":"wp","href":"https:\/\/api.w.org\/{rel}","templated":true}]}}