{"id":1731,"date":"2019-01-06T17:19:23","date_gmt":"2019-01-06T16:19:23","guid":{"rendered":"http:\/\/musthavefashion.sk\/?post_type=product&#038;p=1731"},"modified":"2024-02-05T09:38:02","modified_gmt":"2024-02-05T08:38:02","slug":"riflova-oversize-bunda-s-kvetmi","status":"publish","type":"product","link":"https:\/\/musthavefashion.sk\/index.php\/product\/riflova-oversize-bunda-s-kvetmi\/","title":{"rendered":"Rif\u013eov\u00e1 oversize bunda s kvetmi"},"content":{"rendered":"","protected":false},"excerpt":{"rendered":"<p>\u0160t\u00fdlov\u00e1 rif\u013eov\u00e1 bunda s v\u00fdrazn\u00fdmi kvetmi a n\u00e1pisom na zadnej strane je v\u00fdrazn\u00fdm k\u00faskom, ktor\u00fd pritiahne poh\u013ead nejedn\u00e9ho okoloid\u00faceho. Rif\u013eovina je z hrub\u0161ieho materi\u00e1lu, preto je bunda vhodn\u00e1 nielen ako \u0161t\u00fdlov\u00fd doplnok, ale m\u00f4\u017eete ju vyu\u017ei\u0165\u00a0 aj namiesto kab\u00e1ta po\u010das chladn\u00fdch letn\u00fdch noc\u00ed.<\/p>\n<p>Modelka je vysok\u00e1 170 cm a m\u00e1 na sebe ve\u013ekos\u0165 M\/L.<\/p>\n<p>&nbsp;<\/p>\n","protected":false},"featured_media":1732,"template":"","meta":[],"product_cat":[64],"product_tag":[87,130,138],"_links":{"self":[{"href":"https:\/\/musthavefashion.sk\/index.php\/wp-json\/wp\/v2\/product\/1731"}],"collection":[{"href":"https:\/\/musthavefashion.sk\/index.php\/wp-json\/wp\/v2\/product"}],"about":[{"href":"https:\/\/musthavefashion.sk\/index.php\/wp-json\/wp\/v2\/types\/product"}],"wp:featuredmedia":[{"embeddable":true,"href":"https:\/\/musthavefashion.sk\/index.php\/wp-json\/wp\/v2\/media\/1732"}],"wp:attachment":[{"href":"https:\/\/musthavefashion.sk\/index.php\/wp-json\/wp\/v2\/media?parent=1731"}],"wp:term":[{"taxonomy":"product_cat","embeddable":true,"href":"https:\/\/musthavefashion.sk\/index.php\/wp-json\/wp\/v2\/product_cat?post=1731"},{"taxonomy":"product_tag","embeddable":true,"href":"https:\/\/musthavefashion.sk\/index.php\/wp-json\/wp\/v2\/product_tag?post=1731"}],"curies":[{"name":"wp","href":"https:\/\/api.w.org\/{rel}","templated":true}]}}