{"id":1749,"date":"2019-01-06T18:46:35","date_gmt":"2019-01-06T17:46:35","guid":{"rendered":"http:\/\/musthavefashion.sk\/?post_type=product&#038;p=1749"},"modified":"2019-10-29T09:54:07","modified_gmt":"2019-10-29T08:54:07","slug":"sivy-kardigan-s-brmbolcami","status":"publish","type":"product","link":"https:\/\/musthavefashion.sk\/index.php\/product\/sivy-kardigan-s-brmbolcami\/","title":{"rendered":"Siv\u00fd kardigan s brmbolcami"},"content":{"rendered":"","protected":false},"excerpt":{"rendered":"<p>Netypick\u00fd kardigan s brmbolcami a trojuholn\u00edkovou kapuc\u0148ou, ktor\u00fd je doplnen\u00fd vreckami. Kardigan m\u00e1 2\/3-nov\u00e9 ruk\u00e1vy a je trendov\u00fdm k\u00faskom tejto sez\u00f3ny. D\u013a\u017eka kardiganu siaha a\u017e po zadok, preto je vhodnou vo\u013ebou najm\u00e4 v prechodnom obdob\u00ed. Konfek\u010dn\u00e1 ve\u013ekos\u0165 je univerz\u00e1lna.<\/p>\n<p>Modelka je vysok\u00e1 170 cm a m\u00e1 na sebe ve\u013ekos\u0165 UNI.<\/p>\n","protected":false},"featured_media":1750,"template":"","meta":[],"product_cat":[67],"product_tag":[136,135],"_links":{"self":[{"href":"https:\/\/musthavefashion.sk\/index.php\/wp-json\/wp\/v2\/product\/1749"}],"collection":[{"href":"https:\/\/musthavefashion.sk\/index.php\/wp-json\/wp\/v2\/product"}],"about":[{"href":"https:\/\/musthavefashion.sk\/index.php\/wp-json\/wp\/v2\/types\/product"}],"wp:featuredmedia":[{"embeddable":true,"href":"https:\/\/musthavefashion.sk\/index.php\/wp-json\/wp\/v2\/media\/1750"}],"wp:attachment":[{"href":"https:\/\/musthavefashion.sk\/index.php\/wp-json\/wp\/v2\/media?parent=1749"}],"wp:term":[{"taxonomy":"product_cat","embeddable":true,"href":"https:\/\/musthavefashion.sk\/index.php\/wp-json\/wp\/v2\/product_cat?post=1749"},{"taxonomy":"product_tag","embeddable":true,"href":"https:\/\/musthavefashion.sk\/index.php\/wp-json\/wp\/v2\/product_tag?post=1749"}],"curies":[{"name":"wp","href":"https:\/\/api.w.org\/{rel}","templated":true}]}}