{"id":1777,"date":"2019-01-07T12:44:39","date_gmt":"2019-01-07T11:44:39","guid":{"rendered":"http:\/\/musthavefashion.sk\/?post_type=product&#038;p=1777"},"modified":"2019-10-29T09:51:03","modified_gmt":"2019-10-29T08:51:03","slug":"sveter-s-plysovym-vzorom","status":"publish","type":"product","link":"https:\/\/musthavefashion.sk\/index.php\/product\/sveter-s-plysovym-vzorom\/","title":{"rendered":"Sveter s ply\u0161ov\u00fdm vzorom"},"content":{"rendered":"","protected":false},"excerpt":{"rendered":"<p>B\u00e9\u017eov\u00fd sveter univerz\u00e1lnej ve\u013ekosti s ply\u0161ov\u00fdm vzorom na prsiach a ruk\u00e1voch. Zadn\u00e1 strana svetra je bez vzoru. Ruk\u00e1vy s\u00fa nadpriemerne \u0161irok\u00e9, \u010do dod\u00e1va celkov\u00e9mu vzh\u013eadu atypick\u00fd a nekonven\u010dn\u00fd tvar, v mieste z\u00e1p\u00e4st\u00ed sa v\u0161ak z\u00fa\u017euj\u00fa. Svetr\u00edk je \u0161portovo &#8211; elegantn\u00fd, preto je vyu\u017eite\u013en\u00fd na viacero pr\u00edle\u017eitost\u00ed.<\/p>\n<p>Univerz\u00e1lna ve\u013ekos\u0165.<\/p>\n<p>Modelka m\u00e1 v\u00fd\u0161ku 170 cm a m\u00e1 na sebe ve\u013ekos\u0165 UNI.<\/p>\n","protected":false},"featured_media":1778,"template":"","meta":[],"product_cat":[67],"product_tag":[97,90],"_links":{"self":[{"href":"https:\/\/musthavefashion.sk\/index.php\/wp-json\/wp\/v2\/product\/1777"}],"collection":[{"href":"https:\/\/musthavefashion.sk\/index.php\/wp-json\/wp\/v2\/product"}],"about":[{"href":"https:\/\/musthavefashion.sk\/index.php\/wp-json\/wp\/v2\/types\/product"}],"wp:featuredmedia":[{"embeddable":true,"href":"https:\/\/musthavefashion.sk\/index.php\/wp-json\/wp\/v2\/media\/1778"}],"wp:attachment":[{"href":"https:\/\/musthavefashion.sk\/index.php\/wp-json\/wp\/v2\/media?parent=1777"}],"wp:term":[{"taxonomy":"product_cat","embeddable":true,"href":"https:\/\/musthavefashion.sk\/index.php\/wp-json\/wp\/v2\/product_cat?post=1777"},{"taxonomy":"product_tag","embeddable":true,"href":"https:\/\/musthavefashion.sk\/index.php\/wp-json\/wp\/v2\/product_tag?post=1777"}],"curies":[{"name":"wp","href":"https:\/\/api.w.org\/{rel}","templated":true}]}}