{"id":1782,"date":"2019-01-07T13:24:04","date_gmt":"2019-01-07T12:24:04","guid":{"rendered":"http:\/\/musthavefashion.sk\/?post_type=product&#038;p=1782"},"modified":"2019-10-29T09:50:44","modified_gmt":"2019-10-29T08:50:44","slug":"biela-bluzka-s-napismi","status":"publish","type":"product","link":"https:\/\/musthavefashion.sk\/index.php\/product\/biela-bluzka-s-napismi\/","title":{"rendered":"Biela bl\u00fazka s n\u00e1pismi"},"content":{"rendered":"","protected":false},"excerpt":{"rendered":"<p>Bl\u00fazka je zdoben\u00e1 n\u00e1pismi z prednej, zadnej strany a po ruk\u00e1voch. Zap\u00ednanie m\u00e1 v hornej \u010dasti na zlat\u00e9 gomb\u00edky. Ruk\u00e1vy s\u00fa tie\u017e zdoben\u00e9 gomb\u00edkmi a daj\u00fa sa skr\u00e1ti\u0165 a pripn\u00fa\u0165 v 2\/3 d\u013a\u017eke. T\u00e1to bl\u00fazka je z ve\u013emi pr\u00edjemn\u00e9ho a \u013eahk\u00e9ho materi\u00e1lu. Svoj\u00edm jednoduch\u00fdm vzorom je ve\u013emi \u013eahko kombinovate\u013en\u00e1 \u010di u\u017e s kardiganom alebo ko\u017eu\u0161inovou vestou.<\/p>\n","protected":false},"featured_media":1783,"template":"","meta":[],"product_cat":[68],"product_tag":[134],"_links":{"self":[{"href":"https:\/\/musthavefashion.sk\/index.php\/wp-json\/wp\/v2\/product\/1782"}],"collection":[{"href":"https:\/\/musthavefashion.sk\/index.php\/wp-json\/wp\/v2\/product"}],"about":[{"href":"https:\/\/musthavefashion.sk\/index.php\/wp-json\/wp\/v2\/types\/product"}],"wp:featuredmedia":[{"embeddable":true,"href":"https:\/\/musthavefashion.sk\/index.php\/wp-json\/wp\/v2\/media\/1783"}],"wp:attachment":[{"href":"https:\/\/musthavefashion.sk\/index.php\/wp-json\/wp\/v2\/media?parent=1782"}],"wp:term":[{"taxonomy":"product_cat","embeddable":true,"href":"https:\/\/musthavefashion.sk\/index.php\/wp-json\/wp\/v2\/product_cat?post=1782"},{"taxonomy":"product_tag","embeddable":true,"href":"https:\/\/musthavefashion.sk\/index.php\/wp-json\/wp\/v2\/product_tag?post=1782"}],"curies":[{"name":"wp","href":"https:\/\/api.w.org\/{rel}","templated":true}]}}