{"id":1846,"date":"2019-01-21T14:16:49","date_gmt":"2019-01-21T13:16:49","guid":{"rendered":"http:\/\/musthavefashion.sk\/?post_type=product&#038;p=1846"},"modified":"2022-01-05T11:45:42","modified_gmt":"2022-01-05T10:45:42","slug":"tenka-kozusinova-vesta-hneda","status":"publish","type":"product","link":"https:\/\/musthavefashion.sk\/index.php\/product\/tenka-kozusinova-vesta-hneda\/","title":{"rendered":"Tenk\u00e1 ko\u017eu\u0161inov\u00e1 vesta &#8211; hned\u00e1"},"content":{"rendered":"","protected":false},"excerpt":{"rendered":"<p>Ak nem\u00e1te radi hu\u0148at\u00e9 ko\u017eu\u0161inov\u00e9 vesty, tak potom tento tzv. &#8222;my\u0161\u00ed ko\u017eu\u0161tek&#8220; je pre V\u00e1s ide\u00e1lnou vo\u013ebou. Vesta m\u00e1 zap\u00ednanie v p\u00e1se na \u0161n\u00farku, pri krku na gomb\u00edk a po bokoch sa nach\u00e1dzaj\u00fa vreck\u00e1. Vesti\u010dka je talianskym produktom a je univerz\u00e1lnej ve\u013ekosti.<\/p>\n<p>Modelka je vysok\u00e1 170 cm a m\u00e1 na sebe univerz\u00e1lnu ve\u013ekos\u0165.<\/p>\n<p>Materi\u00e1l: 100% polyester.<\/p>\n","protected":false},"featured_media":1847,"template":"","meta":[],"product_cat":[66],"product_tag":[103,126,102],"_links":{"self":[{"href":"https:\/\/musthavefashion.sk\/index.php\/wp-json\/wp\/v2\/product\/1846"}],"collection":[{"href":"https:\/\/musthavefashion.sk\/index.php\/wp-json\/wp\/v2\/product"}],"about":[{"href":"https:\/\/musthavefashion.sk\/index.php\/wp-json\/wp\/v2\/types\/product"}],"wp:featuredmedia":[{"embeddable":true,"href":"https:\/\/musthavefashion.sk\/index.php\/wp-json\/wp\/v2\/media\/1847"}],"wp:attachment":[{"href":"https:\/\/musthavefashion.sk\/index.php\/wp-json\/wp\/v2\/media?parent=1846"}],"wp:term":[{"taxonomy":"product_cat","embeddable":true,"href":"https:\/\/musthavefashion.sk\/index.php\/wp-json\/wp\/v2\/product_cat?post=1846"},{"taxonomy":"product_tag","embeddable":true,"href":"https:\/\/musthavefashion.sk\/index.php\/wp-json\/wp\/v2\/product_tag?post=1846"}],"curies":[{"name":"wp","href":"https:\/\/api.w.org\/{rel}","templated":true}]}}