{"id":1874,"date":"2019-01-23T17:14:13","date_gmt":"2019-01-23T16:14:13","guid":{"rendered":"http:\/\/musthavefashion.sk\/?post_type=product&#038;p=1874"},"modified":"2019-10-29T09:47:11","modified_gmt":"2019-10-29T08:47:11","slug":"kozusinova-vesta-mandy-biela","status":"publish","type":"product","link":"https:\/\/musthavefashion.sk\/index.php\/product\/kozusinova-vesta-mandy-biela\/","title":{"rendered":"Ko\u017eu\u0161inov\u00e1 vesta &#8222;Mandy&#8220; &#8211; biela"},"content":{"rendered":"","protected":false},"excerpt":{"rendered":"<p>T\u00e1to ko\u017eu\u0161inov\u00e1 vesta je cenovo prijate\u013enej\u0161ou variantou zimn\u00fdch ko\u017eu\u0161\u00edn. Je \u013eahk\u00e1 a nep\u00f4sob\u00ed robustne na postave ako v\u00e4\u010d\u0161ina ko\u017eu\u0161\u00edn. Vesti\u010dky maj\u00fa zap\u00ednanie na h\u00e1\u010diky a nemaj\u00fa vreck\u00e1. V\u010faka svojej jednofarebnosti sa daj\u00fa \u013eahko kombinova\u0165 so vzorovan\u00fdmi bl\u00fazkami.<\/p>\n<p>Modelka m\u00e1 v\u00fd\u0161ku 170 cm a m\u00e1 na sebe ve\u013ekos\u0165 UNI.<\/p>\n","protected":false},"featured_media":1875,"template":"","meta":[],"product_cat":[66],"product_tag":[127,103,126,102],"_links":{"self":[{"href":"https:\/\/musthavefashion.sk\/index.php\/wp-json\/wp\/v2\/product\/1874"}],"collection":[{"href":"https:\/\/musthavefashion.sk\/index.php\/wp-json\/wp\/v2\/product"}],"about":[{"href":"https:\/\/musthavefashion.sk\/index.php\/wp-json\/wp\/v2\/types\/product"}],"wp:featuredmedia":[{"embeddable":true,"href":"https:\/\/musthavefashion.sk\/index.php\/wp-json\/wp\/v2\/media\/1875"}],"wp:attachment":[{"href":"https:\/\/musthavefashion.sk\/index.php\/wp-json\/wp\/v2\/media?parent=1874"}],"wp:term":[{"taxonomy":"product_cat","embeddable":true,"href":"https:\/\/musthavefashion.sk\/index.php\/wp-json\/wp\/v2\/product_cat?post=1874"},{"taxonomy":"product_tag","embeddable":true,"href":"https:\/\/musthavefashion.sk\/index.php\/wp-json\/wp\/v2\/product_tag?post=1874"}],"curies":[{"name":"wp","href":"https:\/\/api.w.org\/{rel}","templated":true}]}}