{"id":1888,"date":"2019-01-23T18:46:42","date_gmt":"2019-01-23T17:46:42","guid":{"rendered":"http:\/\/musthavefashion.sk\/?post_type=product&#038;p=1888"},"modified":"2019-10-29T09:45:23","modified_gmt":"2019-10-29T08:45:23","slug":"kozusinovy-prehoz-sivy","status":"publish","type":"product","link":"https:\/\/musthavefashion.sk\/index.php\/product\/kozusinovy-prehoz-sivy\/","title":{"rendered":"Ko\u017eu\u0161inov\u00fd prehoz &#8211; siv\u00fd"},"content":{"rendered":"","protected":false},"excerpt":{"rendered":"<p>Limitovan\u00e1 ed\u00edcia tohto k\u00fasku je vhodnou vo\u013ebou, ak m\u00e1te rady extravaganciu a eleganciu z\u00e1rove\u0148. Puzdro atypick\u00e9ho strihu pripom\u00edna pon\u010do, je z jemn\u00e9ho a \u013eahk\u00e9ho materi\u00e1lu, tak\u017ee zahreje, no z\u00e1rove\u0148 nevzbudzuje dojem robustnosti. Pri krku jemne vystupuje do goliera lodi\u010dkov\u00e9ho strihu. Neobsahuje ruk\u00e1vy, teda sa navlieka jedine cez hlavu. V ponuke m\u00e1me len zop\u00e1r k\u00faskov v 3 farb\u00e1ch.<\/p>\n<p>Univerz\u00e1lna ve\u013ekos\u0165.<\/p>\n<p>Modelka m\u00e1 v\u00fd\u0161ku 170 cm a m\u00e1 na sebe univerz\u00e1lnu ve\u013ekos\u0165.<\/p>\n","protected":false},"featured_media":1889,"template":"","meta":[],"product_cat":[69],"product_tag":[124,123,125],"_links":{"self":[{"href":"https:\/\/musthavefashion.sk\/index.php\/wp-json\/wp\/v2\/product\/1888"}],"collection":[{"href":"https:\/\/musthavefashion.sk\/index.php\/wp-json\/wp\/v2\/product"}],"about":[{"href":"https:\/\/musthavefashion.sk\/index.php\/wp-json\/wp\/v2\/types\/product"}],"wp:featuredmedia":[{"embeddable":true,"href":"https:\/\/musthavefashion.sk\/index.php\/wp-json\/wp\/v2\/media\/1889"}],"wp:attachment":[{"href":"https:\/\/musthavefashion.sk\/index.php\/wp-json\/wp\/v2\/media?parent=1888"}],"wp:term":[{"taxonomy":"product_cat","embeddable":true,"href":"https:\/\/musthavefashion.sk\/index.php\/wp-json\/wp\/v2\/product_cat?post=1888"},{"taxonomy":"product_tag","embeddable":true,"href":"https:\/\/musthavefashion.sk\/index.php\/wp-json\/wp\/v2\/product_tag?post=1888"}],"curies":[{"name":"wp","href":"https:\/\/api.w.org\/{rel}","templated":true}]}}