{"id":1900,"date":"2019-01-29T15:53:10","date_gmt":"2019-01-29T14:53:10","guid":{"rendered":"http:\/\/musthavefashion.sk\/?post_type=product&#038;p=1900"},"modified":"2019-10-29T09:44:35","modified_gmt":"2019-10-29T08:44:35","slug":"biela-ciapka-s-pom-pom-brmbolcom-a-mriezkovym-vzorom","status":"publish","type":"product","link":"https:\/\/musthavefashion.sk\/index.php\/product\/biela-ciapka-s-pom-pom-brmbolcom-a-mriezkovym-vzorom\/","title":{"rendered":"Biela \u010diapka s pom-pom brmbolcom a mrie\u017ekov\u00fdm vzorom"},"content":{"rendered":"","protected":false},"excerpt":{"rendered":"<p>T\u00e1to \u010diapka je ve\u013emi kvalitne spracovan\u00e1 a m\u00e1 jemn\u00fd mrie\u017ekov\u00fd vzor pre\u0161\u00edvan\u00fd strieborno-sivou ni\u0165ou. Brmbolec je z pravej pom-pom ko\u017eu\u0161iny, ktor\u00e1 je ve\u013emi jemn\u00e1 a hust\u00e1. \u010ciapka je zateplen\u00e1, tak\u017ee v zimn\u00fdch mesiachoch pr\u00edjemne zahreje. Ak h\u013ead\u00e1te spojenie elegancie a vkusu, je pre V\u00e1s vhodnou vo\u013ebou. \u010ciapku je mo\u017en\u00e9 pra\u0165 pri n\u00edzkych teplot\u00e1ch.<\/p>\n<p>Univerz\u00e1lna ve\u013ekos\u0165: d\u013a\u017eka: 21 cm\/ \u0161\u00edrka: 25 cm<\/p>\n<p>Materi\u00e1l: 5% ka\u0161m\u00edr, 35% vlna, 60% akryl<\/p>\n","protected":false},"featured_media":1901,"template":"","meta":[],"product_cat":[71],"product_tag":[122,117,115],"_links":{"self":[{"href":"https:\/\/musthavefashion.sk\/index.php\/wp-json\/wp\/v2\/product\/1900"}],"collection":[{"href":"https:\/\/musthavefashion.sk\/index.php\/wp-json\/wp\/v2\/product"}],"about":[{"href":"https:\/\/musthavefashion.sk\/index.php\/wp-json\/wp\/v2\/types\/product"}],"wp:featuredmedia":[{"embeddable":true,"href":"https:\/\/musthavefashion.sk\/index.php\/wp-json\/wp\/v2\/media\/1901"}],"wp:attachment":[{"href":"https:\/\/musthavefashion.sk\/index.php\/wp-json\/wp\/v2\/media?parent=1900"}],"wp:term":[{"taxonomy":"product_cat","embeddable":true,"href":"https:\/\/musthavefashion.sk\/index.php\/wp-json\/wp\/v2\/product_cat?post=1900"},{"taxonomy":"product_tag","embeddable":true,"href":"https:\/\/musthavefashion.sk\/index.php\/wp-json\/wp\/v2\/product_tag?post=1900"}],"curies":[{"name":"wp","href":"https:\/\/api.w.org\/{rel}","templated":true}]}}