{"id":1916,"date":"2019-01-29T17:04:31","date_gmt":"2019-01-29T16:04:31","guid":{"rendered":"http:\/\/musthavefashion.sk\/?post_type=product&#038;p=1916"},"modified":"2019-10-29T09:41:55","modified_gmt":"2019-10-29T08:41:55","slug":"ruzova-ciapka-s-pom-pom-brmbolcom-a-perlami","status":"publish","type":"product","link":"https:\/\/musthavefashion.sk\/index.php\/product\/ruzova-ciapka-s-pom-pom-brmbolcom-a-perlami\/","title":{"rendered":"Ru\u017eov\u00e1 \u010diapka s pom-pom brmbolcom a perlami"},"content":{"rendered":"","protected":false},"excerpt":{"rendered":"<p>Zateplen\u00e1 zimn\u00e1 \u010diapka je z prednej strany zdoben\u00e1 ve\u013ek\u00fdmi a men\u0161\u00edmi perlami, a \u010diernymi, bielymi, strieborn\u00fdmi kamienkami. Vrchol \u010diapky zdob\u00ed hust\u00fd a jemn\u00fd pom-pom brmbolec z pravej ko\u017eu\u0161iny. Zadn\u00e1 strana \u010diapky je bez zdobenia. Tento typ \u010diapky je \u0161portovo-elegantn\u00fd, preto je ve\u013emi \u013eahko kombinovate\u013en\u00e1.<\/p>\n<p>Ve\u013ekos\u0165: \u0161\u00edrka: 22 cm\/ d\u013a\u017eka: 21 cm<\/p>\n<p>Materi\u00e1l: 5% ka\u0161m\u00edr, 35% vlna, 60% akryl<\/p>\n","protected":false},"featured_media":1917,"template":"","meta":[],"product_cat":[71],"product_tag":[117,115,116],"_links":{"self":[{"href":"https:\/\/musthavefashion.sk\/index.php\/wp-json\/wp\/v2\/product\/1916"}],"collection":[{"href":"https:\/\/musthavefashion.sk\/index.php\/wp-json\/wp\/v2\/product"}],"about":[{"href":"https:\/\/musthavefashion.sk\/index.php\/wp-json\/wp\/v2\/types\/product"}],"wp:featuredmedia":[{"embeddable":true,"href":"https:\/\/musthavefashion.sk\/index.php\/wp-json\/wp\/v2\/media\/1917"}],"wp:attachment":[{"href":"https:\/\/musthavefashion.sk\/index.php\/wp-json\/wp\/v2\/media?parent=1916"}],"wp:term":[{"taxonomy":"product_cat","embeddable":true,"href":"https:\/\/musthavefashion.sk\/index.php\/wp-json\/wp\/v2\/product_cat?post=1916"},{"taxonomy":"product_tag","embeddable":true,"href":"https:\/\/musthavefashion.sk\/index.php\/wp-json\/wp\/v2\/product_tag?post=1916"}],"curies":[{"name":"wp","href":"https:\/\/api.w.org\/{rel}","templated":true}]}}