{"id":1918,"date":"2019-01-29T17:28:31","date_gmt":"2019-01-29T16:28:31","guid":{"rendered":"http:\/\/musthavefashion.sk\/?post_type=product&#038;p=1918"},"modified":"2022-03-16T17:09:01","modified_gmt":"2022-03-16T16:09:01","slug":"seda-ciapka-s-pom-pom-brmbolcom","status":"publish","type":"product","link":"https:\/\/musthavefashion.sk\/index.php\/product\/seda-ciapka-s-pom-pom-brmbolcom\/","title":{"rendered":"\u0160ed\u00e1 \u010diapka s pom-pom brmbolcom"},"content":{"rendered":"","protected":false},"excerpt":{"rendered":"<p>T\u00e1to \u010diapka je ve\u013emi kvalitne spracovan\u00e1 a m\u00e1 pleten\u00fd vzor pre\u0161\u00edvan\u00fd striebornou ni\u0165ou. Brmbolec je z pravej pom-pom ko\u017eu\u0161iny, ktor\u00e1 je ve\u013emi jemn\u00e1 a hust\u00e1. \u010ciapka je zateplen\u00e1, tak\u017ee v zimn\u00fdch mesiachoch pr\u00edjemne zahreje. Ak h\u013ead\u00e1te spojenie elegancie a vkusu, je pre V\u00e1s vhodnou vo\u013ebou. \u010ciapku je mo\u017en\u00e9 pra\u0165 pri n\u00edzkych teplot\u00e1ch.<\/p>\n<p>Univerz\u00e1lna ve\u013ekos\u0165: \u0161\u00edrka: 22 cm\/ d\u013a\u017eka: 21 cm<\/p>\n<p>Materi\u00e1l: 50% vlna, 50% akryl<\/p>\n","protected":false},"featured_media":0,"template":"","meta":[],"product_cat":[71],"product_tag":[117,115,118],"_links":{"self":[{"href":"https:\/\/musthavefashion.sk\/index.php\/wp-json\/wp\/v2\/product\/1918"}],"collection":[{"href":"https:\/\/musthavefashion.sk\/index.php\/wp-json\/wp\/v2\/product"}],"about":[{"href":"https:\/\/musthavefashion.sk\/index.php\/wp-json\/wp\/v2\/types\/product"}],"wp:attachment":[{"href":"https:\/\/musthavefashion.sk\/index.php\/wp-json\/wp\/v2\/media?parent=1918"}],"wp:term":[{"taxonomy":"product_cat","embeddable":true,"href":"https:\/\/musthavefashion.sk\/index.php\/wp-json\/wp\/v2\/product_cat?post=1918"},{"taxonomy":"product_tag","embeddable":true,"href":"https:\/\/musthavefashion.sk\/index.php\/wp-json\/wp\/v2\/product_tag?post=1918"}],"curies":[{"name":"wp","href":"https:\/\/api.w.org\/{rel}","templated":true}]}}