{"id":1925,"date":"2019-01-29T20:30:48","date_gmt":"2019-01-29T19:30:48","guid":{"rendered":"http:\/\/musthavefashion.sk\/?post_type=product&#038;p=1925"},"modified":"2019-12-14T13:05:10","modified_gmt":"2019-12-14T12:05:10","slug":"hneda-kozusinova-kabelka","status":"publish","type":"product","link":"https:\/\/musthavefashion.sk\/index.php\/product\/hneda-kozusinova-kabelka\/","title":{"rendered":"Hned\u00e1 ko\u017eu\u0161inov\u00e1 kabelka"},"content":{"rendered":"","protected":false},"excerpt":{"rendered":"<p>Ak si chcete vytvori\u0165 svoj zimn\u00fd outfit v\u00fdnimo\u010dn\u00fd a z\u00e1rove\u0148 extravagantn\u00fd, potom V\u00e1m ur\u010dite nesmie ch\u00fdba\u0165 t\u00e1to kabelka. Je z pr\u00edjemnej hu\u0148atej umelej ko\u017eu\u0161iny dozdoben\u00e1 zlatou retiazkou. Nosi\u0165 ju m\u00f4\u017eete bu\u010f v ruke alebo ako crossbody. Ke\u010f\u017ee je ti limitovan\u00e1 ed\u00edcia, naskladnili sme len zop\u00e1r k\u00faskov.<\/p>\n<p>Rozmery: \u0161\u00edrka: 31 cm, v\u00fd\u0161ka: 19 cm<\/p>\n","protected":false},"featured_media":1927,"template":"","meta":[],"product_cat":[73],"product_tag":[110,113,114],"_links":{"self":[{"href":"https:\/\/musthavefashion.sk\/index.php\/wp-json\/wp\/v2\/product\/1925"}],"collection":[{"href":"https:\/\/musthavefashion.sk\/index.php\/wp-json\/wp\/v2\/product"}],"about":[{"href":"https:\/\/musthavefashion.sk\/index.php\/wp-json\/wp\/v2\/types\/product"}],"wp:featuredmedia":[{"embeddable":true,"href":"https:\/\/musthavefashion.sk\/index.php\/wp-json\/wp\/v2\/media\/1927"}],"wp:attachment":[{"href":"https:\/\/musthavefashion.sk\/index.php\/wp-json\/wp\/v2\/media?parent=1925"}],"wp:term":[{"taxonomy":"product_cat","embeddable":true,"href":"https:\/\/musthavefashion.sk\/index.php\/wp-json\/wp\/v2\/product_cat?post=1925"},{"taxonomy":"product_tag","embeddable":true,"href":"https:\/\/musthavefashion.sk\/index.php\/wp-json\/wp\/v2\/product_tag?post=1925"}],"curies":[{"name":"wp","href":"https:\/\/api.w.org\/{rel}","templated":true}]}}