{"id":1968,"date":"2019-02-12T17:29:47","date_gmt":"2019-02-12T16:29:47","guid":{"rendered":"http:\/\/musthavefashion.sk\/?post_type=product&#038;p=1968"},"modified":"2019-10-29T09:33:41","modified_gmt":"2019-10-29T08:33:41","slug":"oranzovy-predlzeny-sveter","status":"publish","type":"product","link":"https:\/\/musthavefashion.sk\/index.php\/product\/oranzovy-predlzeny-sveter\/","title":{"rendered":"Oran\u017eov\u00fd pred\u013a\u017een\u00fd sveter"},"content":{"rendered":"","protected":false},"excerpt":{"rendered":"<p>Pred\u013a\u017een\u00fd rol\u00e1kov\u00fd sveter jednoduch\u00e9ho strihu v oversize ve\u013ekosti je zauj\u00edmav\u00fdm doplnkom \u010di u\u017e k leg\u00ednam, nohaviciam alebo ho m\u00f4\u017eete vyu\u017ei\u0165 ako \u0161aty. Tento rol\u00e1k m\u00e1me na v\u00fdber v piatich farb\u00e1ch a v prechodnom obdob\u00ed sa v\u00fdborne hod\u00ed pod ko\u017eenku alebo ko\u017eu\u0161inov\u00fa vestu.<\/p>\n<p>Univerz\u00e1lna ve\u013ekos\u0165<\/p>\n","protected":false},"featured_media":1969,"template":"","meta":[],"product_cat":[67],"product_tag":[97,99,90],"_links":{"self":[{"href":"https:\/\/musthavefashion.sk\/index.php\/wp-json\/wp\/v2\/product\/1968"}],"collection":[{"href":"https:\/\/musthavefashion.sk\/index.php\/wp-json\/wp\/v2\/product"}],"about":[{"href":"https:\/\/musthavefashion.sk\/index.php\/wp-json\/wp\/v2\/types\/product"}],"wp:featuredmedia":[{"embeddable":true,"href":"https:\/\/musthavefashion.sk\/index.php\/wp-json\/wp\/v2\/media\/1969"}],"wp:attachment":[{"href":"https:\/\/musthavefashion.sk\/index.php\/wp-json\/wp\/v2\/media?parent=1968"}],"wp:term":[{"taxonomy":"product_cat","embeddable":true,"href":"https:\/\/musthavefashion.sk\/index.php\/wp-json\/wp\/v2\/product_cat?post=1968"},{"taxonomy":"product_tag","embeddable":true,"href":"https:\/\/musthavefashion.sk\/index.php\/wp-json\/wp\/v2\/product_tag?post=1968"}],"curies":[{"name":"wp","href":"https:\/\/api.w.org\/{rel}","templated":true}]}}