{"id":2004,"date":"2019-02-13T11:33:10","date_gmt":"2019-02-13T10:33:10","guid":{"rendered":"http:\/\/musthavefashion.sk\/?post_type=product&#038;p=2004"},"modified":"2019-10-29T09:31:41","modified_gmt":"2019-10-29T08:31:41","slug":"sivy-elegantny-top-s-nahrdelnikom","status":"publish","type":"product","link":"https:\/\/musthavefashion.sk\/index.php\/product\/sivy-elegantny-top-s-nahrdelnikom\/","title":{"rendered":"Siv\u00fd elegantn\u00fd top s n\u00e1hrdeln\u00edkom"},"content":{"rendered":"","protected":false},"excerpt":{"rendered":"<p>Elegantn\u00fd top z pr\u00edjemn\u00e9ho zamatov\u00e9ho materi\u00e1lu talianskej v\u00fdroby. Je v\u00fdbornou vo\u013ebou, ak neviete, \u010do do pr\u00e1ce alebo kamko\u013evek, kde sa hod\u00ed elegantn\u00fd outfit. Je obohaten\u00fd n\u00e1hrdeln\u00edkom &#8211; bielym srdie\u010dkom na dlhej retiazke zdoben\u00fdm swarovkeho kamienkami. Ruk\u00e1vy s\u00fa 2\/3- nov\u00e9 stiahnut\u00e9 gumi\u010dkou.<\/p>\n<p>Univerz\u00e1lna ve\u013ekos\u0165: d\u013a\u017eka: 57 cm, \u0161\u00edrka: 70 cm<\/p>\n","protected":false},"featured_media":0,"template":"","meta":[],"product_cat":[75],"product_tag":[95,94,93],"_links":{"self":[{"href":"https:\/\/musthavefashion.sk\/index.php\/wp-json\/wp\/v2\/product\/2004"}],"collection":[{"href":"https:\/\/musthavefashion.sk\/index.php\/wp-json\/wp\/v2\/product"}],"about":[{"href":"https:\/\/musthavefashion.sk\/index.php\/wp-json\/wp\/v2\/types\/product"}],"wp:attachment":[{"href":"https:\/\/musthavefashion.sk\/index.php\/wp-json\/wp\/v2\/media?parent=2004"}],"wp:term":[{"taxonomy":"product_cat","embeddable":true,"href":"https:\/\/musthavefashion.sk\/index.php\/wp-json\/wp\/v2\/product_cat?post=2004"},{"taxonomy":"product_tag","embeddable":true,"href":"https:\/\/musthavefashion.sk\/index.php\/wp-json\/wp\/v2\/product_tag?post=2004"}],"curies":[{"name":"wp","href":"https:\/\/api.w.org\/{rel}","templated":true}]}}