{"id":2121,"date":"2019-03-09T22:22:09","date_gmt":"2019-03-09T21:22:09","guid":{"rendered":"http:\/\/musthavefashion.sk\/?post_type=product&#038;p=2121"},"modified":"2019-10-29T09:29:58","modified_gmt":"2019-10-29T08:29:58","slug":"mikina-mickey-mousse","status":"publish","type":"product","link":"https:\/\/musthavefashion.sk\/index.php\/product\/mikina-mickey-mousse\/","title":{"rendered":"Mikina Mickey Mousse"},"content":{"rendered":"","protected":false},"excerpt":{"rendered":"<p>Tepl\u00e1kov\u00e1 mikina fialovej farby v netradi\u010dnom Mickey Mousse \u0161t\u00fdle. Na prednej strane je zdoben\u00e1 kamienkami a na ma\u0161li sa nach\u00e1dzaj\u00fa perli\u010dky. Mikina je zo zadnej strany bez mot\u00edvu.<\/p>\n<p>Modelka je vysok\u00e1 170 cm a m\u00e1 na sebe ve\u013ekos\u0165 L.<\/p>\n","protected":false},"featured_media":2123,"template":"","meta":[],"product_cat":[77],"product_tag":[88],"_links":{"self":[{"href":"https:\/\/musthavefashion.sk\/index.php\/wp-json\/wp\/v2\/product\/2121"}],"collection":[{"href":"https:\/\/musthavefashion.sk\/index.php\/wp-json\/wp\/v2\/product"}],"about":[{"href":"https:\/\/musthavefashion.sk\/index.php\/wp-json\/wp\/v2\/types\/product"}],"wp:featuredmedia":[{"embeddable":true,"href":"https:\/\/musthavefashion.sk\/index.php\/wp-json\/wp\/v2\/media\/2123"}],"wp:attachment":[{"href":"https:\/\/musthavefashion.sk\/index.php\/wp-json\/wp\/v2\/media?parent=2121"}],"wp:term":[{"taxonomy":"product_cat","embeddable":true,"href":"https:\/\/musthavefashion.sk\/index.php\/wp-json\/wp\/v2\/product_cat?post=2121"},{"taxonomy":"product_tag","embeddable":true,"href":"https:\/\/musthavefashion.sk\/index.php\/wp-json\/wp\/v2\/product_tag?post=2121"}],"curies":[{"name":"wp","href":"https:\/\/api.w.org\/{rel}","templated":true}]}}